{"id":2229,"date":"2017-12-29T04:06:29","date_gmt":"2017-12-29T04:06:29","guid":{"rendered":"http:\/\/demo2.drfuri.com\/baroque\/?page_id=24"},"modified":"2025-12-17T20:01:38","modified_gmt":"2025-12-17T20:01:38","slug":"contact","status":"publish","type":"page","link":"https:\/\/sttoamimarlik.com\/index.php\/contact\/","title":{"rendered":"Contact"},"content":{"rendered":"<div class=\"wpb-content-wrapper\"><p>[vc_row][vc_column][vc_tta_accordion][vc_tta_section title=&#8221;Telefon Numaralar\u0131m\u0131z&#8221; tab_id=&#8221;1766001233002-ef9c6624-0807&#8243;][vc_column_text css=&#8221;&#8221;]<\/p>\n<div class=\"contact-details phone\">\n<div>Sttoa Mimarl\u0131k | 05331905175<\/div>\n<\/div>\n<div class=\"contact-details email\"><\/div>\n<p>[\/vc_column_text][\/vc_tta_section][vc_tta_section title=&#8221;Adresimiz&#8221; tab_id=&#8221;1766001233003-19fe07c0-f694&#8243;][vc_column_text css=&#8221;&#8221;]<\/p>\n<div class=\"contact-details address\">\n<div>\u00dcsk\u00fcdar\/\u0130stanbul<\/div>\n<\/div>\n<p>[\/vc_column_text][\/vc_tta_section][vc_tta_section title=&#8221;Maillerimiz&#8221; tab_id=&#8221;1766001408320-9ce3bfd5-f04c&#8221;][vc_column_text css=&#8221;&#8221;]<\/p>\n<div class=\"contact-details address\">Proje Teklifleri i\u00e7in | proje@sttoamimarlik.com<\/div>\n<p>[\/vc_column_text][\/vc_tta_section][\/vc_tta_accordion][vc_text_separator title=&#8221;\u0130leti\u015fim Formu&#8221; i_icon_fontawesome=&#8221;fa fa-regular fa-id-card&#8221; css=&#8221;&#8221; add_icon=&#8221;true&#8221;]\n<div class=\"wpcf7 no-js\" id=\"wpcf7-f2196-o1\" lang=\"en-US\" dir=\"ltr\" data-wpcf7-id=\"2196\">\n<div class=\"screen-reader-response\"><p role=\"status\" aria-live=\"polite\" aria-atomic=\"true\"><\/p> <ul><\/ul><\/div>\n<form action=\"\/index.php\/wp-json\/wp\/v2\/pages\/2229#wpcf7-f2196-o1\" method=\"post\" class=\"wpcf7-form init\" aria-label=\"Contact form\" novalidate=\"novalidate\" data-status=\"init\">\n<fieldset class=\"hidden-fields-container\"><input type=\"hidden\" name=\"_wpcf7\" value=\"2196\" \/><input type=\"hidden\" name=\"_wpcf7_version\" value=\"6.1.1\" \/><input type=\"hidden\" name=\"_wpcf7_locale\" value=\"en_US\" \/><input type=\"hidden\" name=\"_wpcf7_unit_tag\" value=\"wpcf7-f2196-o1\" \/><input type=\"hidden\" name=\"_wpcf7_container_post\" value=\"0\" \/><input type=\"hidden\" name=\"_wpcf7_posted_data_hash\" value=\"\" \/>\n<\/fieldset>\n<p><label> Your Name (required)<br \/>\n<span class=\"wpcf7-form-control-wrap\" data-name=\"your-name\"><input size=\"40\" maxlength=\"400\" class=\"wpcf7-form-control wpcf7-text wpcf7-validates-as-required\" aria-required=\"true\" aria-invalid=\"false\" value=\"\" type=\"text\" name=\"your-name\" \/><\/span> <\/label>\n<\/p>\n<p><label> Your Email (required)<br \/>\n<span class=\"wpcf7-form-control-wrap\" data-name=\"your-email\"><input size=\"40\" maxlength=\"400\" class=\"wpcf7-form-control wpcf7-email wpcf7-validates-as-required wpcf7-text wpcf7-validates-as-email\" aria-required=\"true\" aria-invalid=\"false\" value=\"\" type=\"email\" name=\"your-email\" \/><\/span> <\/label>\n<\/p>\n<p><label> Subject<br \/>\n<span class=\"wpcf7-form-control-wrap\" data-name=\"your-subject\"><input size=\"40\" maxlength=\"400\" class=\"wpcf7-form-control wpcf7-text\" aria-invalid=\"false\" value=\"\" type=\"text\" name=\"your-subject\" \/><\/span> <\/label>\n<\/p>\n<p><label> Your Message<br \/>\n<span class=\"wpcf7-form-control-wrap\" data-name=\"your-message\"><textarea cols=\"40\" rows=\"10\" maxlength=\"2000\" class=\"wpcf7-form-control wpcf7-textarea\" aria-invalid=\"false\" name=\"your-message\"><\/textarea><\/span> <\/label>\n<\/p>\n<p><input class=\"wpcf7-form-control wpcf7-submit has-spinner\" type=\"submit\" value=\"Send\" \/>\n<\/p><div class=\"wpcf7-response-output\" aria-hidden=\"true\"><\/div>\n<\/form>\n<\/div>\n[\/vc_column][\/vc_row]<\/p>\n<\/div>","protected":false},"excerpt":{"rendered":"<p>[vc_row][vc_column][vc_tta_accordion][vc_tta_section title=&#8221;Telefon Numaralar\u0131m\u0131z&#8221; tab_id=&#8221;1766001233002-ef9c6624-0807&#8243;][vc_column_text css=&#8221;&#8221;] Sttoa Mimarl\u0131k | 05331905175 [\/vc_column_text][\/vc_tta_section][vc_tta_section title=&#8221;Adresimiz&#8221; tab_id=&#8221;1766001233003-19fe07c0-f694&#8243;][vc_column_text css=&#8221;&#8221;] \u00dcsk\u00fcdar\/\u0130stanbul [\/vc_column_text][\/vc_tta_section][vc_tta_section title=&#8221;Maillerimiz&#8221; tab_id=&#8221;1766001408320-9ce3bfd5-f04c&#8221;][vc_column_text css=&#8221;&#8221;] Proje Teklifleri i\u00e7in | proje@sttoamimarlik.com [\/vc_column_text][\/vc_tta_section][\/vc_tta_accordion][vc_text_separator title=&#8221;\u0130leti\u015fim Formu&#8221; i_icon_fontawesome=&#8221;fa fa-regular fa-id-card&#8221; css=&#8221;&#8221; add_icon=&#8221;true&#8221;][\/vc_column][\/vc_row]<\/p>\n","protected":false},"author":1,"featured_media":0,"parent":0,"menu_order":0,"comment_status":"closed","ping_status":"closed","template":"template-fullwidth.php","meta":{"om_disable_all_campaigns":false,"_monsterinsights_skip_tracking":false,"_monsterinsights_sitenote_active":false,"_monsterinsights_sitenote_note":"","_monsterinsights_sitenote_category":0,"footnotes":""},"class_list":["post-2229","page","type-page","status-publish","hentry","no-thumb"],"aioseo_notices":[],"_links":{"self":[{"href":"https:\/\/sttoamimarlik.com\/index.php\/wp-json\/wp\/v2\/pages\/2229","targetHints":{"allow":["GET"]}}],"collection":[{"href":"https:\/\/sttoamimarlik.com\/index.php\/wp-json\/wp\/v2\/pages"}],"about":[{"href":"https:\/\/sttoamimarlik.com\/index.php\/wp-json\/wp\/v2\/types\/page"}],"author":[{"embeddable":true,"href":"https:\/\/sttoamimarlik.com\/index.php\/wp-json\/wp\/v2\/users\/1"}],"replies":[{"embeddable":true,"href":"https:\/\/sttoamimarlik.com\/index.php\/wp-json\/wp\/v2\/comments?post=2229"}],"version-history":[{"count":3,"href":"https:\/\/sttoamimarlik.com\/index.php\/wp-json\/wp\/v2\/pages\/2229\/revisions"}],"predecessor-version":[{"id":2408,"href":"https:\/\/sttoamimarlik.com\/index.php\/wp-json\/wp\/v2\/pages\/2229\/revisions\/2408"}],"wp:attachment":[{"href":"https:\/\/sttoamimarlik.com\/index.php\/wp-json\/wp\/v2\/media?parent=2229"}],"curies":[{"name":"wp","href":"https:\/\/api.w.org\/{rel}","templated":true}]}}