{"id":2187,"date":"2018-09-15T03:05:03","date_gmt":"2018-09-15T03:05:03","guid":{"rendered":"http:\/\/demo2.drfuri.com\/baroque\/?page_id=2187"},"modified":"2018-09-15T03:05:03","modified_gmt":"2018-09-15T03:05:03","slug":"home-carousel","status":"publish","type":"page","link":"https:\/\/sttoamimarlik.com\/","title":{"rendered":"Home Carousel"},"content":{"rendered":"<div class=\"wpb-content-wrapper\"><p>[vc_row full_width=&#8221;stretch_row_content&#8221; css=&#8221;.vc_custom_1536982540709{padding-right: 5px !important;padding-left: 5px !important;}&#8221;][vc_column]<div class=\"ba-portfolios-grid portfolio-carousel \" data-attr=\"{&quot;per_page&quot;:9,&quot;orderby&quot;:&quot;date&quot;,&quot;order&quot;:&quot;desc&quot;}\" data-load_more=\"\" data-nonce=\"cc15dc793d\"><div id=\"ba-portfolio-vc\" class=\"list-portfolio-wrapper portfolio-carousel-wrapper hide-dots\"><div class=\"portfolio-frame\"><div class=\"list-portfolio \"><div id=\"post-2394\" class=\"portfolio-wrapper swiper-slide post-2394 portfolio type-portfolio status-publish has-post-thumbnail hentry portfolio_category-bina portfolio_category-dukkan portfolio_category-ic-dizayn portfolio_category-magaza \" style=\"\">\n\t\n\t<div class=\"portfolio-inner \">\n\n\t\t\n\t\t\t<div class=\"hover-border\">\n\t\t\t\t<div><\/div>\n\t\t\t<\/div>\n\t\t\t<a href=\"https:\/\/sttoamimarlik.com\/index.php\/portfolio\/kozyatagi-cilek-mobilya\/\" class=\"port-link\"><\/a>\n\n\t\t\t<div class=\"entry-thumbnail\">\n\t\t\t\t<a href=\"https:\/\/sttoamimarlik.com\/index.php\/portfolio\/kozyatagi-cilek-mobilya\/\">\n\t\t\t\t\t<img loading=\"lazy\" decoding=\"async\" width=\"755\" height=\"755\" src=\"https:\/\/sttoamimarlik.com\/wp-content\/uploads\/2025\/12\/Beige-Professional-Minimalist-How-to-Carousel-Instagram-Post-8-755x755.png\" class=\"attachment-baroque-portfolio-carousel size-baroque-portfolio-carousel wp-post-image\" alt=\"\" srcset=\"https:\/\/sttoamimarlik.com\/wp-content\/uploads\/2025\/12\/Beige-Professional-Minimalist-How-to-Carousel-Instagram-Post-8-755x755.png 755w, https:\/\/sttoamimarlik.com\/wp-content\/uploads\/2025\/12\/Beige-Professional-Minimalist-How-to-Carousel-Instagram-Post-8-150x150.png 150w\" sizes=\"auto, (max-width: 755px) 100vw, 755px\" \/>\t\t\t\t\t\t\t\t\t<\/a>\n\n\t\t\t\t\t\t\t<\/div>\n\n\t\t\n\t\t<div class=\"entry-summary\">\n\t\t\t<div class=\"summary-header\">\n\t\t\t\t<a href=\"https:\/\/sttoamimarlik.com\/index.php\/portfolio-category\/bina\/\" class=\"portfolio-cat\">Bina<\/a>\n\t\t\t\t<h2 class=\"entry-title\"><a href=\"https:\/\/sttoamimarlik.com\/index.php\/portfolio\/kozyatagi-cilek-mobilya\/\">KOZYATA\u011eI \u00c7\u0130LEK MOB\u0130LYA<\/a><\/h2>\n\n\t\t\t\t\n\t\t\t<\/div>\n\n\t\t\t\n\t\t<\/div>\n\n\t<\/div>\n<\/div><!-- #project-## -->\n<div id=\"post-1393\" class=\"portfolio-wrapper swiper-slide post-1393 portfolio type-portfolio status-publish has-post-thumbnail hentry portfolio_category-bina portfolio_category-ic-dizayn portfolio_category-magaza \" style=\"\">\n\t\n\t<div class=\"portfolio-inner \">\n\n\t\t\n\t\t\t<div class=\"hover-border\">\n\t\t\t\t<div><\/div>\n\t\t\t<\/div>\n\t\t\t<a href=\"https:\/\/sttoamimarlik.com\/index.php\/portfolio\/trabzon-koton-magazasi\/\" class=\"port-link\"><\/a>\n\n\t\t\t<div class=\"entry-thumbnail\">\n\t\t\t\t<a href=\"https:\/\/sttoamimarlik.com\/index.php\/portfolio\/trabzon-koton-magazasi\/\">\n\t\t\t\t\t<img loading=\"lazy\" decoding=\"async\" width=\"755\" height=\"755\" src=\"https:\/\/sttoamimarlik.com\/wp-content\/uploads\/2025\/02\/Beige-Professional-Minimalist-How-to-Carousel-Instagram-Post-3-755x755.png\" class=\"attachment-baroque-portfolio-carousel size-baroque-portfolio-carousel wp-post-image\" alt=\"\" srcset=\"https:\/\/sttoamimarlik.com\/wp-content\/uploads\/2025\/02\/Beige-Professional-Minimalist-How-to-Carousel-Instagram-Post-3-755x755.png 755w, https:\/\/sttoamimarlik.com\/wp-content\/uploads\/2025\/02\/Beige-Professional-Minimalist-How-to-Carousel-Instagram-Post-3-150x150.png 150w\" sizes=\"auto, (max-width: 755px) 100vw, 755px\" \/>\t\t\t\t\t\t\t\t\t<\/a>\n\n\t\t\t\t\t\t\t<\/div>\n\n\t\t\n\t\t<div class=\"entry-summary\">\n\t\t\t<div class=\"summary-header\">\n\t\t\t\t<a href=\"https:\/\/sttoamimarlik.com\/index.php\/portfolio-category\/bina\/\" class=\"portfolio-cat\">Bina<\/a>\n\t\t\t\t<h2 class=\"entry-title\"><a href=\"https:\/\/sttoamimarlik.com\/index.php\/portfolio\/trabzon-koton-magazasi\/\">Trabzon Koton Ma\u011fazas\u0131<\/a><\/h2>\n\n\t\t\t\t\n\t\t\t<\/div>\n\n\t\t\t\n\t\t<\/div>\n\n\t<\/div>\n<\/div><!-- #project-## -->\n<div id=\"post-1406\" class=\"portfolio-wrapper swiper-slide post-1406 portfolio type-portfolio status-publish has-post-thumbnail hentry portfolio_category-dukkan portfolio_category-ic-dizayn \" style=\"\">\n\t\n\t<div class=\"portfolio-inner \">\n\n\t\t\n\t\t\t<div class=\"hover-border\">\n\t\t\t\t<div><\/div>\n\t\t\t<\/div>\n\t\t\t<a href=\"https:\/\/sttoamimarlik.com\/index.php\/portfolio\/italian-restaurant\/\" class=\"port-link\"><\/a>\n\n\t\t\t<div class=\"entry-thumbnail\">\n\t\t\t\t<a href=\"https:\/\/sttoamimarlik.com\/index.php\/portfolio\/italian-restaurant\/\">\n\t\t\t\t\t<img loading=\"lazy\" decoding=\"async\" width=\"755\" height=\"755\" src=\"https:\/\/sttoamimarlik.com\/wp-content\/uploads\/2017\/12\/3-1-755x755.jpg\" class=\"attachment-baroque-portfolio-carousel size-baroque-portfolio-carousel wp-post-image\" alt=\"\" srcset=\"https:\/\/sttoamimarlik.com\/wp-content\/uploads\/2017\/12\/3-1-755x755.jpg 755w, https:\/\/sttoamimarlik.com\/wp-content\/uploads\/2017\/12\/3-1-300x300.jpg 300w, https:\/\/sttoamimarlik.com\/wp-content\/uploads\/2017\/12\/3-1-1024x1024.jpg 1024w, https:\/\/sttoamimarlik.com\/wp-content\/uploads\/2017\/12\/3-1-150x150.jpg 150w, https:\/\/sttoamimarlik.com\/wp-content\/uploads\/2017\/12\/3-1-768x768.jpg 768w, https:\/\/sttoamimarlik.com\/wp-content\/uploads\/2017\/12\/3-1-1536x1536.jpg 1536w, https:\/\/sttoamimarlik.com\/wp-content\/uploads\/2017\/12\/3-1-1405x1405.jpg 1405w, https:\/\/sttoamimarlik.com\/wp-content\/uploads\/2017\/12\/3-1.jpg 1920w\" sizes=\"auto, (max-width: 755px) 100vw, 755px\" \/>\t\t\t\t\t\t\t\t\t<\/a>\n\n\t\t\t\t\t\t\t<\/div>\n\n\t\t\n\t\t<div class=\"entry-summary\">\n\t\t\t<div class=\"summary-header\">\n\t\t\t\t<a href=\"https:\/\/sttoamimarlik.com\/index.php\/portfolio-category\/dukkan\/\" class=\"portfolio-cat\">D\u00fckkan<\/a>\n\t\t\t\t<h2 class=\"entry-title\"><a href=\"https:\/\/sttoamimarlik.com\/index.php\/portfolio\/italian-restaurant\/\">Italian Restaurant<\/a><\/h2>\n\n\t\t\t\t\n\t\t\t<\/div>\n\n\t\t\t\n\t\t<\/div>\n\n\t<\/div>\n<\/div><!-- #project-## -->\n<div id=\"post-2363\" class=\"portfolio-wrapper swiper-slide post-2363 portfolio type-portfolio status-publish has-post-thumbnail hentry portfolio_category-bina portfolio_category-ic-dizayn portfolio_category-magaza \" style=\"\">\n\t\n\t<div class=\"portfolio-inner \">\n\n\t\t\n\t\t\t<div class=\"hover-border\">\n\t\t\t\t<div><\/div>\n\t\t\t<\/div>\n\t\t\t<a href=\"https:\/\/sttoamimarlik.com\/index.php\/portfolio\/gratis-magazasi\/\" class=\"port-link\"><\/a>\n\n\t\t\t<div class=\"entry-thumbnail\">\n\t\t\t\t<a href=\"https:\/\/sttoamimarlik.com\/index.php\/portfolio\/gratis-magazasi\/\">\n\t\t\t\t\t<img loading=\"lazy\" decoding=\"async\" width=\"755\" height=\"755\" src=\"https:\/\/sttoamimarlik.com\/wp-content\/uploads\/2023\/11\/2-755x755.png\" class=\"attachment-baroque-portfolio-carousel size-baroque-portfolio-carousel wp-post-image\" alt=\"\" srcset=\"https:\/\/sttoamimarlik.com\/wp-content\/uploads\/2023\/11\/2-755x755.png 755w, https:\/\/sttoamimarlik.com\/wp-content\/uploads\/2023\/11\/2-150x150.png 150w\" sizes=\"auto, (max-width: 755px) 100vw, 755px\" \/>\t\t\t\t\t\t\t\t\t<\/a>\n\n\t\t\t\t\t\t\t<\/div>\n\n\t\t\n\t\t<div class=\"entry-summary\">\n\t\t\t<div class=\"summary-header\">\n\t\t\t\t<a href=\"https:\/\/sttoamimarlik.com\/index.php\/portfolio-category\/bina\/\" class=\"portfolio-cat\">Bina<\/a>\n\t\t\t\t<h2 class=\"entry-title\"><a href=\"https:\/\/sttoamimarlik.com\/index.php\/portfolio\/gratis-magazasi\/\">GRATIS MA\u011eAZASI<\/a><\/h2>\n\n\t\t\t\t\n\t\t\t<\/div>\n\n\t\t\t\n\t\t<\/div>\n\n\t<\/div>\n<\/div><!-- #project-## -->\n<div id=\"post-1392\" class=\"portfolio-wrapper swiper-slide post-1392 portfolio type-portfolio status-publish has-post-thumbnail hentry portfolio_category-magaza \" style=\"\">\n\t\n\t<div class=\"portfolio-inner \">\n\n\t\t\n\t\t\t<div class=\"hover-border\">\n\t\t\t\t<div><\/div>\n\t\t\t<\/div>\n\t\t\t<a href=\"https:\/\/sttoamimarlik.com\/index.php\/portfolio\/kismet-by-milka\/\" class=\"port-link\"><\/a>\n\n\t\t\t<div class=\"entry-thumbnail\">\n\t\t\t\t<a href=\"https:\/\/sttoamimarlik.com\/index.php\/portfolio\/kismet-by-milka\/\">\n\t\t\t\t\t<img loading=\"lazy\" decoding=\"async\" width=\"755\" height=\"755\" src=\"https:\/\/sttoamimarlik.com\/wp-content\/uploads\/2025\/09\/2-755x755.jpg\" class=\"attachment-baroque-portfolio-carousel size-baroque-portfolio-carousel wp-post-image\" alt=\"\" srcset=\"https:\/\/sttoamimarlik.com\/wp-content\/uploads\/2025\/09\/2-755x755.jpg 755w, https:\/\/sttoamimarlik.com\/wp-content\/uploads\/2025\/09\/2-150x150.jpg 150w\" sizes=\"auto, (max-width: 755px) 100vw, 755px\" \/>\t\t\t\t\t\t\t\t\t<\/a>\n\n\t\t\t\t\t\t\t<\/div>\n\n\t\t\n\t\t<div class=\"entry-summary\">\n\t\t\t<div class=\"summary-header\">\n\t\t\t\t<a href=\"https:\/\/sttoamimarlik.com\/index.php\/portfolio-category\/magaza\/\" class=\"portfolio-cat\">Ma\u011faza<\/a>\n\t\t\t\t<h2 class=\"entry-title\"><a href=\"https:\/\/sttoamimarlik.com\/index.php\/portfolio\/kismet-by-milka\/\">KISMET BY MILKA<\/a><\/h2>\n\n\t\t\t\t\n\t\t\t<\/div>\n\n\t\t\t\n\t\t<\/div>\n\n\t<\/div>\n<\/div><!-- #project-## -->\n<div id=\"post-2338\" class=\"portfolio-wrapper swiper-slide post-2338 portfolio type-portfolio status-publish has-post-thumbnail hentry portfolio_category-bina portfolio_category-villa \" style=\"\">\n\t\n\t<div class=\"portfolio-inner \">\n\n\t\t\n\t\t\t<div class=\"hover-border\">\n\t\t\t\t<div><\/div>\n\t\t\t<\/div>\n\t\t\t<a href=\"https:\/\/sttoamimarlik.com\/index.php\/portfolio\/karabayir-villa-projesi\/\" class=\"port-link\"><\/a>\n\n\t\t\t<div class=\"entry-thumbnail\">\n\t\t\t\t<a href=\"https:\/\/sttoamimarlik.com\/index.php\/portfolio\/karabayir-villa-projesi\/\">\n\t\t\t\t\t<img loading=\"lazy\" decoding=\"async\" width=\"755\" height=\"755\" src=\"https:\/\/sttoamimarlik.com\/wp-content\/uploads\/2025\/11\/1-1-755x755.png\" class=\"attachment-baroque-portfolio-carousel size-baroque-portfolio-carousel wp-post-image\" alt=\"\" srcset=\"https:\/\/sttoamimarlik.com\/wp-content\/uploads\/2025\/11\/1-1-755x755.png 755w, https:\/\/sttoamimarlik.com\/wp-content\/uploads\/2025\/11\/1-1-150x150.png 150w\" sizes=\"auto, (max-width: 755px) 100vw, 755px\" \/>\t\t\t\t\t\t\t\t\t<\/a>\n\n\t\t\t\t\t\t\t<\/div>\n\n\t\t\n\t\t<div class=\"entry-summary\">\n\t\t\t<div class=\"summary-header\">\n\t\t\t\t<a href=\"https:\/\/sttoamimarlik.com\/index.php\/portfolio-category\/bina\/\" class=\"portfolio-cat\">Bina<\/a>\n\t\t\t\t<h2 class=\"entry-title\"><a href=\"https:\/\/sttoamimarlik.com\/index.php\/portfolio\/karabayir-villa-projesi\/\">Karabay\u0131r Villa Projesi<\/a><\/h2>\n\n\t\t\t\t\n\t\t\t<\/div>\n\n\t\t\t\n\t\t<\/div>\n\n\t<\/div>\n<\/div><!-- #project-## -->\n<div id=\"post-1441\" class=\"portfolio-wrapper swiper-slide post-1441 portfolio type-portfolio status-publish has-post-thumbnail hentry portfolio_category-bina portfolio_category-ic-dizayn portfolio_category-villa \" style=\"\">\n\t\n\t<div class=\"portfolio-inner \">\n\n\t\t\n\t\t\t<div class=\"hover-border\">\n\t\t\t\t<div><\/div>\n\t\t\t<\/div>\n\t\t\t<a href=\"https:\/\/sttoamimarlik.com\/index.php\/portfolio\/render-villa\/\" class=\"port-link\"><\/a>\n\n\t\t\t<div class=\"entry-thumbnail\">\n\t\t\t\t<a href=\"https:\/\/sttoamimarlik.com\/index.php\/portfolio\/render-villa\/\">\n\t\t\t\t\t<img loading=\"lazy\" decoding=\"async\" width=\"755\" height=\"755\" src=\"https:\/\/sttoamimarlik.com\/wp-content\/uploads\/2018\/01\/8-1-755x755.jpg\" class=\"attachment-baroque-portfolio-carousel size-baroque-portfolio-carousel wp-post-image\" alt=\"\" srcset=\"https:\/\/sttoamimarlik.com\/wp-content\/uploads\/2018\/01\/8-1-755x755.jpg 755w, https:\/\/sttoamimarlik.com\/wp-content\/uploads\/2018\/01\/8-1-150x150.jpg 150w, https:\/\/sttoamimarlik.com\/wp-content\/uploads\/2018\/01\/8-1-300x300.jpg 300w, https:\/\/sttoamimarlik.com\/wp-content\/uploads\/2018\/01\/8-1-100x100.jpg 100w\" sizes=\"auto, (max-width: 755px) 100vw, 755px\" \/>\t\t\t\t\t\t\t\t\t<\/a>\n\n\t\t\t\t\t\t\t<\/div>\n\n\t\t\n\t\t<div class=\"entry-summary\">\n\t\t\t<div class=\"summary-header\">\n\t\t\t\t<a href=\"https:\/\/sttoamimarlik.com\/index.php\/portfolio-category\/bina\/\" class=\"portfolio-cat\">Bina<\/a>\n\t\t\t\t<h2 class=\"entry-title\"><a href=\"https:\/\/sttoamimarlik.com\/index.php\/portfolio\/render-villa\/\">Villa Render<\/a><\/h2>\n\n\t\t\t\t\n\t\t\t<\/div>\n\n\t\t\t\n\t\t<\/div>\n\n\t<\/div>\n<\/div><!-- #project-## -->\n<div id=\"post-1440\" class=\"portfolio-wrapper swiper-slide post-1440 portfolio type-portfolio status-publish has-post-thumbnail hentry portfolio_category-ic-dizayn \" style=\"\">\n\t\n\t<div class=\"portfolio-inner \">\n\n\t\t\n\t\t\t<div class=\"hover-border\">\n\t\t\t\t<div><\/div>\n\t\t\t<\/div>\n\t\t\t<a href=\"https:\/\/sttoamimarlik.com\/index.php\/portfolio\/ork-poland-super-villa\/\" class=\"port-link\"><\/a>\n\n\t\t\t<div class=\"entry-thumbnail\">\n\t\t\t\t<a href=\"https:\/\/sttoamimarlik.com\/index.php\/portfolio\/ork-poland-super-villa\/\">\n\t\t\t\t\t<img loading=\"lazy\" decoding=\"async\" width=\"755\" height=\"755\" src=\"https:\/\/sttoamimarlik.com\/wp-content\/uploads\/2017\/12\/slide-3-755x755.jpg\" class=\"attachment-baroque-portfolio-carousel size-baroque-portfolio-carousel wp-post-image\" alt=\"\" srcset=\"https:\/\/sttoamimarlik.com\/wp-content\/uploads\/2017\/12\/slide-3-755x755.jpg 755w, https:\/\/sttoamimarlik.com\/wp-content\/uploads\/2017\/12\/slide-3-150x150.jpg 150w, https:\/\/sttoamimarlik.com\/wp-content\/uploads\/2017\/12\/slide-3-300x300.jpg 300w, https:\/\/sttoamimarlik.com\/wp-content\/uploads\/2017\/12\/slide-3-100x100.jpg 100w\" sizes=\"auto, (max-width: 755px) 100vw, 755px\" \/>\t\t\t\t\t\t\t\t\t<\/a>\n\n\t\t\t\t\t\t\t<\/div>\n\n\t\t\n\t\t<div class=\"entry-summary\">\n\t\t\t<div class=\"summary-header\">\n\t\t\t\t<a href=\"https:\/\/sttoamimarlik.com\/index.php\/portfolio-category\/ic-dizayn\/\" class=\"portfolio-cat\">\u0130\u00e7 Dizayn<\/a>\n\t\t\t\t<h2 class=\"entry-title\"><a href=\"https:\/\/sttoamimarlik.com\/index.php\/portfolio\/ork-poland-super-villa\/\">ORK Poland Super Villa<\/a><\/h2>\n\n\t\t\t\t\n\t\t\t<\/div>\n\n\t\t\t\n\t\t<\/div>\n\n\t<\/div>\n<\/div><!-- #project-## -->\n<\/div><\/div><div class=\"navigation\">\n\t\t\t\t<div class=\"container\">\n\t\t\t\t\t<div class=\"btn-prev\"><i class=\"icon-chevron-left\"><\/i><\/div>\n\t\t\t\t\t<div class=\"btn-next\"><i class=\"icon-chevron-right\"><\/i><\/div>\n\t\t\t\t<\/div>\n\t\t\t<\/div>\n\t\t\t<div class=\"container\">\n\t\t\t\t<div class=\"scrollbar\">\n\t\t\t\t\t<div class=\"handle\">\n\t\t\t\t\t\t<div class=\"mousearea\"><\/div>\n\t\t\t\t\t<\/div>\n\t\t\t\t<\/div>\n\t\t\t\t<ul class=\"pages\"><\/ul>\n\t\t\t<\/div><\/div><\/div>[\/vc_column][\/vc_row][vc_row][vc_column]<div class=\"ba-empty-space \" style=\"\"><div class=\"ba_empty_space_lg\"  style=\"height: 70px\"><\/div><div class=\"ba_empty_space_md\"  style=\"height: 70px\"><\/div><div class=\"ba_empty_space_xs\"  style=\"height: 70px\"><\/div><\/div>[\/vc_column][\/vc_row]<\/p>\n<\/div>","protected":false},"excerpt":{"rendered":"<p>[vc_row full_width=&#8221;stretch_row_content&#8221; css=&#8221;.vc_custom_1536982540709{padding-right: 5px !important;padding-left: 5px !important;}&#8221;][vc_column][\/vc_column][\/vc_row][vc_row][vc_column][\/vc_column][\/vc_row]<\/p>\n","protected":false},"author":1,"featured_media":0,"parent":0,"menu_order":0,"comment_status":"closed","ping_status":"closed","template":"template-homepage.php","meta":{"om_disable_all_campaigns":false,"_monsterinsights_skip_tracking":false,"_monsterinsights_sitenote_active":false,"_monsterinsights_sitenote_note":"","_monsterinsights_sitenote_category":0,"footnotes":""},"class_list":["post-2187","page","type-page","status-publish","hentry",""],"aioseo_notices":[],"_links":{"self":[{"href":"https:\/\/sttoamimarlik.com\/index.php\/wp-json\/wp\/v2\/pages\/2187","targetHints":{"allow":["GET"]}}],"collection":[{"href":"https:\/\/sttoamimarlik.com\/index.php\/wp-json\/wp\/v2\/pages"}],"about":[{"href":"https:\/\/sttoamimarlik.com\/index.php\/wp-json\/wp\/v2\/types\/page"}],"author":[{"embeddable":true,"href":"https:\/\/sttoamimarlik.com\/index.php\/wp-json\/wp\/v2\/users\/1"}],"replies":[{"embeddable":true,"href":"https:\/\/sttoamimarlik.com\/index.php\/wp-json\/wp\/v2\/comments?post=2187"}],"version-history":[{"count":0,"href":"https:\/\/sttoamimarlik.com\/index.php\/wp-json\/wp\/v2\/pages\/2187\/revisions"}],"wp:attachment":[{"href":"https:\/\/sttoamimarlik.com\/index.php\/wp-json\/wp\/v2\/media?parent=2187"}],"curies":[{"name":"wp","href":"https:\/\/api.w.org\/{rel}","templated":true}]}}